{"id":1286,"date":"2022-05-23T13:36:06","date_gmt":"2022-05-23T11:36:06","guid":{"rendered":"https:\/\/yarik-art.com\/?page_id=1286"},"modified":"2024-10-20T01:18:11","modified_gmt":"2024-10-19T23:18:11","slug":"graphisme","status":"publish","type":"page","link":"https:\/\/yarik-art.com\/en\/graphisme\/","title":{"rendered":"Graphic Design"},"content":{"rendered":"<p>[et_pb_section fb_built=\u00a0\u00bb1&Prime; _builder_version=\u00a0\u00bb4.19.5&Prime; _module_preset=\u00a0\u00bbdefault\u00a0\u00bb background_color=\u00a0\u00bbRGBA(255,255,255,0)\u00a0\u00bb use_background_color_gradient=\u00a0\u00bbon\u00a0\u00bb background_color_gradient_stops=\u00a0\u00bbrgba(255,204,0,0.1) 31%|#000000 86%\u00a0\u00bb background_color_gradient_overlays_image=\u00a0\u00bbon\u00a0\u00bb background_image=\u00a0\u00bbhttp:\/\/yarik-art.com\/wp-content\/uploads\/2024\/10\/yarik-art-logo-metalic-1.jpg\u00a0\u00bb background_position=\u00a0\u00bbtop_center\u00a0\u00bb background_vertical_offset=\u00a0\u00bb40%\u00a0\u00bb background_enable_video_mp4=\u00a0\u00bboff\u00a0\u00bb background_enable_video_webm=\u00a0\u00bboff\u00a0\u00bb height=\u00a0\u00bb390px\u00a0\u00bb custom_margin=\u00a0\u00bb0px||||false|false\u00a0\u00bb custom_padding=\u00a0\u00bb||||false|false\u00a0\u00bb hover_enabled=\u00a0\u00bb0&Prime; custom_css_main_element=\u00a0\u00bb||\u00a0\u00bb global_colors_info=\u00a0\u00bb{}\u00a0\u00bb filter_contrast__hover_enabled=\u00a0\u00bbon|hover\u00a0\u00bb filter_contrast__hover=\u00a0\u00bb120%\u00a0\u00bb filter_brightness__hover_enabled=\u00a0\u00bbon|hover\u00a0\u00bb filter_brightness__hover=\u00a0\u00bb90%\u00a0\u00bb filter_saturate__hover_enabled=\u00a0\u00bbon|desktop\u00a0\u00bb filter_saturate__hover=\u00a0\u00bb110%\u00a0\u00bb filter_invert__hover_enabled=\u00a0\u00bbon|desktop\u00a0\u00bb filter_invert__hover=\u00a0\u00bb0%\u00a0\u00bb background__hover_enabled=\u00a0\u00bbon|desktop\u00a0\u00bb filter_opacity__hover_enabled=\u00a0\u00bbon|hover\u00a0\u00bb filter_opacity__hover=\u00a0\u00bb\u00a0\u00bb background_color_gradient_stops__hover=\u00a0\u00bbrgba(255,204,0,0.1) 50%|#000000 90%\u00a0\u00bb use_background_color_gradient__hover=\u00a0\u00bbon\u00a0\u00bb alt=\u00a0\u00bbyarik art logo metalic\u00a0\u00bb title_text=\u00a0\u00bbyarik art logo metalic\u00a0\u00bb sticky_enabled=\u00a0\u00bb0&Prime;][et_pb_row _builder_version=\u00a0\u00bb4.16.0&Prime; _module_preset=\u00a0\u00bbdefault\u00a0\u00bb background_enable_color=\u00a0\u00bboff\u00a0\u00bb background_enable_image=\u00a0\u00bboff\u00a0\u00bb custom_margin=\u00a0\u00bb40px||||false|false\u00a0\u00bb global_colors_info=\u00a0\u00bb{}\u00a0\u00bb][et_pb_column type=\u00a0\u00bb4_4&Prime; _builder_version=\u00a0\u00bb4.16.0&Prime; _module_preset=\u00a0\u00bbdefault\u00a0\u00bb global_colors_info=\u00a0\u00bb{}\u00a0\u00bb][et_pb_text _builder_version=\u00a0\u00bb4.19.5&Prime; _module_preset=\u00a0\u00bbdefault\u00a0\u00bb header_font=\u00a0\u00bbLeague Spartan||||||||\u00a0\u00bb header_font_size=\u00a0\u00bb60px\u00a0\u00bb hover_enabled=\u00a0\u00bb0&Prime; header_font_size_tablet=\u00a0\u00bb50px\u00a0\u00bb header_font_size_phone=\u00a0\u00bb40px\u00a0\u00bb header_font_size_last_edited=\u00a0\u00bbon|desktop\u00a0\u00bb global_colors_info=\u00a0\u00bb{}\u00a0\u00bb header_text_color=\u00a0\u00bb#F6EFE7&Prime; header_text_shadow_style=\u00a0\u00bbpreset4&Prime; header_text_shadow_horizontal_length=\u00a0\u00bb0.14em\u00a0\u00bb sticky_enabled=\u00a0\u00bb0&Prime; module_class=\u00a0\u00bbtracking-in-contract\u00a0\u00bb]<\/p>\n<h1 style=\"text-align: center;\">GRAPHIC DESIGN<\/h1>\n<p>[\/et_pb_text][et_pb_text _builder_version=\u00a0\u00bb4.16.0&Prime; _module_preset=\u00a0\u00bbdefault\u00a0\u00bb text_text_color=\u00a0\u00bb#FFFFFF\u00a0\u00bb text_font_size=\u00a0\u00bb18px\u00a0\u00bb global_colors_info=\u00a0\u00bb{}\u00a0\u00bb]<\/p>\n<p style=\"text-align: center;\"><span class=\"elementor-icon-list-text\">Logos and Illustrations<\/span><\/p>\n<p>[\/et_pb_text][\/et_pb_column][\/et_pb_row][\/et_pb_section][et_pb_section fb_built=\u00a0\u00bb1&Prime; _builder_version=\u00a0\u00bb4.19.5&Prime; _module_preset=\u00a0\u00bbdefault\u00a0\u00bb background_color=\u00a0\u00bb#F6EFE7&Prime; bottom_divider_color=\u00a0\u00bbrgba(45,48,47,0.15)\u00a0\u00bb bottom_divider_height=\u00a0\u00bb500px\u00a0\u00bb bottom_divider_repeat=\u00a0\u00bb1x\u00a0\u00bb bottom_divider_flip=\u00a0\u00bbvertical\u00a0\u00bb global_colors_info=\u00a0\u00bb{}\u00a0\u00bb][et_pb_row _builder_version=\u00a0\u00bb4.19.5&Prime; _module_preset=\u00a0\u00bbdefault\u00a0\u00bb custom_padding=\u00a0\u00bb60px||80px||false|false\u00a0\u00bb global_colors_info=\u00a0\u00bb{}\u00a0\u00bb][et_pb_column type=\u00a0\u00bb4_4&Prime; _builder_version=\u00a0\u00bb4.16.0&Prime; _module_preset=\u00a0\u00bbdefault\u00a0\u00bb global_colors_info=\u00a0\u00bb{}\u00a0\u00bb][et_pb_text _builder_version=\u00a0\u00bb4.19.5&Prime; _module_preset=\u00a0\u00bbdefault\u00a0\u00bb header_2_font_size=\u00a0\u00bb30px\u00a0\u00bb header_2_line_height=\u00a0\u00bb1.2em\u00a0\u00bb hover_enabled=\u00a0\u00bb0&Prime; header_2_font_size_tablet=\u00a0\u00bb30px\u00a0\u00bb header_2_font_size_phone=\u00a0\u00bb26px\u00a0\u00bb header_2_font_size_last_edited=\u00a0\u00bbon|phone\u00a0\u00bb global_colors_info=\u00a0\u00bb{}\u00a0\u00bb header_2_font=\u00a0\u00bbLeague Spartan||||||||\u00a0\u00bb sticky_enabled=\u00a0\u00bb0&Prime;]<\/p>\n<h2 style=\"text-align: center;\">Illustrations, Logos, Graphics and Animation Projects<\/h2>\n<p>[\/et_pb_text][et_pb_text _builder_version=\u00a0\u00bb4.19.5&Prime; _module_preset=\u00a0\u00bbdefault\u00a0\u00bb text_font_size=\u00a0\u00bb16px\u00a0\u00bb global_colors_info=\u00a0\u00bb{}\u00a0\u00bb]<\/p>\n<p style=\"text-align: center;\">My favorite graphic style is neo and retro futurism. But I am curious by nature so I like to explore and mix styles.<\/p>\n<p>[\/et_pb_text][\/et_pb_column][\/et_pb_row][\/et_pb_section][et_pb_section fb_built=\u00a0\u00bb1&Prime; module_id=\u00a0\u00bbgraphic-section\u00a0\u00bb _builder_version=\u00a0\u00bb4.19.0&Prime; _module_preset=\u00a0\u00bbdefault\u00a0\u00bb background_color=\u00a0\u00bbRGBA(45,48,47,0.57)\u00a0\u00bb background_enable_image=\u00a0\u00bboff\u00a0\u00bb parallax=\u00a0\u00bbon\u00a0\u00bb background_pattern_repeat_origin=\u00a0\u00bbcenter\u00a0\u00bb global_colors_info=\u00a0\u00bb{}\u00a0\u00bb][et_pb_row column_structure=\u00a0\u00bb1_2,1_2&Prime; _builder_version=\u00a0\u00bb4.16.0&Prime; _module_preset=\u00a0\u00bbdefault\u00a0\u00bb module_alignment=\u00a0\u00bbcenter\u00a0\u00bb global_colors_info=\u00a0\u00bb{}\u00a0\u00bb][et_pb_column type=\u00a0\u00bb1_2&Prime; _builder_version=\u00a0\u00bb4.16.0&Prime; _module_preset=\u00a0\u00bbdefault\u00a0\u00bb global_colors_info=\u00a0\u00bb{}\u00a0\u00bb][et_pb_gallery gallery_ids=\u00a0\u00bb1522,1521,403&Prime; fullwidth=\u00a0\u00bbon\u00a0\u00bb module_class=\u00a0\u00bbpa-image-gallery-1-1&Prime; _builder_version=\u00a0\u00bb4.19.5&Prime; _module_preset=\u00a0\u00bbdefault\u00a0\u00bb background_color=\u00a0\u00bbRGBA(255,255,255,0)\u00a0\u00bb width=\u00a0\u00bb80%\u00a0\u00bb module_alignment=\u00a0\u00bbcenter\u00a0\u00bb global_colors_info=\u00a0\u00bb{}\u00a0\u00bb][\/et_pb_gallery][\/et_pb_column][et_pb_column type=\u00a0\u00bb1_2&Prime; _builder_version=\u00a0\u00bb4.16.0&Prime; _module_preset=\u00a0\u00bbdefault\u00a0\u00bb global_colors_info=\u00a0\u00bb{}\u00a0\u00bb][et_pb_gallery gallery_ids=\u00a0\u00bb1518,1517,350,125&Prime; fullwidth=\u00a0\u00bbon\u00a0\u00bb module_class=\u00a0\u00bbpa-image-gallery-1-1&Prime; _builder_version=\u00a0\u00bb4.19.5&Prime; _module_preset=\u00a0\u00bbdefault\u00a0\u00bb background_color=\u00a0\u00bbRGBA(255,255,255,0)\u00a0\u00bb width=\u00a0\u00bb80%\u00a0\u00bb module_alignment=\u00a0\u00bbcenter\u00a0\u00bb global_colors_info=\u00a0\u00bb{}\u00a0\u00bb][\/et_pb_gallery][\/et_pb_column][\/et_pb_row][et_pb_row column_structure=\u00a0\u00bb1_2,1_2&Prime; _builder_version=\u00a0\u00bb4.18.0&Prime; _module_preset=\u00a0\u00bbdefault\u00a0\u00bb global_colors_info=\u00a0\u00bb{}\u00a0\u00bb][et_pb_column type=\u00a0\u00bb1_2&Prime; _builder_version=\u00a0\u00bb4.18.0&Prime; _module_preset=\u00a0\u00bbdefault\u00a0\u00bb global_colors_info=\u00a0\u00bb{}\u00a0\u00bb][et_pb_gallery gallery_ids=\u00a0\u00bb1526,1524,1615,1616&Prime; fullwidth=\u00a0\u00bbon\u00a0\u00bb module_class=\u00a0\u00bbpa-image-gallery-1-1&Prime; _builder_version=\u00a0\u00bb4.19.5&Prime; _module_preset=\u00a0\u00bbdefault\u00a0\u00bb background_color=\u00a0\u00bbRGBA(255,255,255,0)\u00a0\u00bb width=\u00a0\u00bb80%\u00a0\u00bb module_alignment=\u00a0\u00bbcenter\u00a0\u00bb global_colors_info=\u00a0\u00bb{}\u00a0\u00bb][\/et_pb_gallery][\/et_pb_column][et_pb_column type=\u00a0\u00bb1_2&Prime; _builder_version=\u00a0\u00bb4.16.0&Prime; _module_preset=\u00a0\u00bbdefault\u00a0\u00bb global_colors_info=\u00a0\u00bb{}\u00a0\u00bb][et_pb_gallery gallery_ids=\u00a0\u00bb1609,1608,1610,1613,1614&Prime; fullwidth=\u00a0\u00bbon\u00a0\u00bb module_class=\u00a0\u00bbpa-image-gallery-1-1&Prime; _builder_version=\u00a0\u00bb4.19.5&Prime; _module_preset=\u00a0\u00bbdefault\u00a0\u00bb background_color=\u00a0\u00bbRGBA(255,255,255,0)\u00a0\u00bb width=\u00a0\u00bb80%\u00a0\u00bb module_alignment=\u00a0\u00bbcenter\u00a0\u00bb global_colors_info=\u00a0\u00bb{}\u00a0\u00bb][\/et_pb_gallery][\/et_pb_column][\/et_pb_row][\/et_pb_section][et_pb_section fb_built=\u00a0\u00bb1&Prime; _builder_version=\u00a0\u00bb4.19.4&Prime; _module_preset=\u00a0\u00bbdefault\u00a0\u00bb background_color=\u00a0\u00bb#F6EFE7&Prime; global_colors_info=\u00a0\u00bb{}\u00a0\u00bb][et_pb_row _builder_version=\u00a0\u00bb4.19.4&Prime; _module_preset=\u00a0\u00bbdefault\u00a0\u00bb global_colors_info=\u00a0\u00bb{}\u00a0\u00bb][et_pb_column type=\u00a0\u00bb4_4&Prime; _builder_version=\u00a0\u00bb4.19.4&Prime; _module_preset=\u00a0\u00bbdefault\u00a0\u00bb global_colors_info=\u00a0\u00bb{}\u00a0\u00bb][et_pb_text _builder_version=\u00a0\u00bb4.19.5&Prime; _module_preset=\u00a0\u00bbdefault\u00a0\u00bb text_font_size=\u00a0\u00bb16px\u00a0\u00bb header_2_font_size=\u00a0\u00bb35px\u00a0\u00bb hover_enabled=\u00a0\u00bb0&Prime; global_colors_info=\u00a0\u00bb{}\u00a0\u00bb header_2_font=\u00a0\u00bbLeague Spartan||||||||\u00a0\u00bb sticky_enabled=\u00a0\u00bb0&Prime;]<\/p>\n<h2 style=\"text-align: center;\">Print &amp; Web<\/h2>\n<p style=\"text-align: center;\">Layout, creation of flyers, menus, illustrations, graphic content optimized and ready for printing.<\/p>\n<p>[\/et_pb_text][\/et_pb_column][\/et_pb_row][\/et_pb_section][et_pb_section fb_built=\u00a0\u00bb1&Prime; _builder_version=\u00a0\u00bb4.19.4&Prime; _module_preset=\u00a0\u00bbdefault\u00a0\u00bb background_color=\u00a0\u00bbRGBA(45,48,47,0.57)\u00a0\u00bb global_colors_info=\u00a0\u00bb{}\u00a0\u00bb][et_pb_row _builder_version=\u00a0\u00bb4.16.0&Prime; _module_preset=\u00a0\u00bbdefault\u00a0\u00bb custom_margin=\u00a0\u00bb20px||20px||false|false\u00a0\u00bb global_colors_info=\u00a0\u00bb{}\u00a0\u00bb][et_pb_column type=\u00a0\u00bb4_4&Prime; _builder_version=\u00a0\u00bb4.16.0&Prime; _module_preset=\u00a0\u00bbdefault\u00a0\u00bb global_colors_info=\u00a0\u00bb{}\u00a0\u00bb][et_pb_gallery gallery_ids=\u00a0\u00bb133,131,132,130&Prime; orientation=\u00a0\u00bbportrait\u00a0\u00bb show_title_and_caption=\u00a0\u00bboff\u00a0\u00bb zoom_icon_color=\u00a0\u00bbrgba(255,204,0,0.3)\u00a0\u00bb hover_overlay_color=\u00a0\u00bbRGBA(255,255,255,0)\u00a0\u00bb hover_icon=\u00a0\u00bb&#xf002;||fa||900&Prime; _builder_version=\u00a0\u00bb4.19.4&Prime; _module_preset=\u00a0\u00bbdefault\u00a0\u00bb pagination_text_color=\u00a0\u00bb#F6EFE7&Prime; custom_margin=\u00a0\u00bb10px||||false|false\u00a0\u00bb animation_style=\u00a0\u00bbslide\u00a0\u00bb animation_direction=\u00a0\u00bbright\u00a0\u00bb animation_intensity_slide=\u00a0\u00bb10%\u00a0\u00bb animation_speed_curve=\u00a0\u00bbease-out\u00a0\u00bb border_radii=\u00a0\u00bbon|2px|2px|2px|2px\u00a0\u00bb border_width_all=\u00a0\u00bb1px\u00a0\u00bb border_color_all=\u00a0\u00bb#F6EFE7&Prime; border_radii_image=\u00a0\u00bbon|3px|3px|3px|3px\u00a0\u00bb border_color_all_image=\u00a0\u00bbRGBA(255,255,255,0)\u00a0\u00bb box_shadow_style_image=\u00a0\u00bbpreset4&Prime; box_shadow_horizontal_image=\u00a0\u00bb-7px\u00a0\u00bb box_shadow_color_image=\u00a0\u00bbrgba(246,239,231,0.3)\u00a0\u00bb global_colors_info=\u00a0\u00bb{}\u00a0\u00bb box_shadow_horizontal_image__hover_enabled=\u00a0\u00bbon|hover\u00a0\u00bb box_shadow_horizontal_image__hover=\u00a0\u00bb0px\u00a0\u00bb box_shadow_vertical_image__hover_enabled=\u00a0\u00bbon|hover\u00a0\u00bb box_shadow_vertical_image__hover=\u00a0\u00bb0px\u00a0\u00bb box_shadow_blur_image__hover_enabled=\u00a0\u00bbon|hover\u00a0\u00bb box_shadow_blur_image__hover=\u00a0\u00bb6px\u00a0\u00bb box_shadow_spread_image__hover_enabled=\u00a0\u00bbon|desktop\u00a0\u00bb box_shadow_spread_image__hover=\u00a0\u00bb7px\u00a0\u00bb][\/et_pb_gallery][\/et_pb_column][\/et_pb_row][\/et_pb_section][et_pb_section fb_built=\u00a0\u00bb1&Prime; _builder_version=\u00a0\u00bb4.19.4&Prime; _module_preset=\u00a0\u00bbdefault\u00a0\u00bb background_color=\u00a0\u00bbRGBA(45,48,47,0.57)\u00a0\u00bb background_pattern_horizontal_offset=\u00a0\u00bb50%\u00a0\u00bb global_colors_info=\u00a0\u00bb{}\u00a0\u00bb][et_pb_row _builder_version=\u00a0\u00bb4.16.0&Prime; _module_preset=\u00a0\u00bbdefault\u00a0\u00bb custom_margin=\u00a0\u00bb50px||20px||false|false\u00a0\u00bb global_colors_info=\u00a0\u00bb{}\u00a0\u00bb][et_pb_column type=\u00a0\u00bb4_4&Prime; _builder_version=\u00a0\u00bb4.16.0&Prime; _module_preset=\u00a0\u00bbdefault\u00a0\u00bb global_colors_info=\u00a0\u00bb{}\u00a0\u00bb][et_pb_gallery gallery_ids=\u00a0\u00bb1881,1699,1882,1701,1700,1339,1338,1337&Prime; orientation=\u00a0\u00bbportrait\u00a0\u00bb show_title_and_caption=\u00a0\u00bboff\u00a0\u00bb zoom_icon_color=\u00a0\u00bbrgba(255,204,0,0.3)\u00a0\u00bb hover_overlay_color=\u00a0\u00bbRGBA(255,255,255,0)\u00a0\u00bb hover_icon=\u00a0\u00bb&#xf002;||fa||900&Prime; module_class=\u00a0\u00bbpa-image-gallery-3-4&Prime; _builder_version=\u00a0\u00bb4.19.5&Prime; _module_preset=\u00a0\u00bbdefault\u00a0\u00bb title_text_color=\u00a0\u00bb#C5211B\u00a0\u00bb caption_text_color=\u00a0\u00bb#C5211B\u00a0\u00bb pagination_font=\u00a0\u00bb|600|||||||\u00a0\u00bb pagination_text_color=\u00a0\u00bb#F6EFE7&Prime; custom_margin=\u00a0\u00bb10px||||false|false\u00a0\u00bb animation_style=\u00a0\u00bbslide\u00a0\u00bb animation_direction=\u00a0\u00bbleft\u00a0\u00bb animation_intensity_slide=\u00a0\u00bb10%\u00a0\u00bb animation_speed_curve=\u00a0\u00bbease-out\u00a0\u00bb border_radii=\u00a0\u00bbon|3px|3px|3px|3px\u00a0\u00bb border_width_all=\u00a0\u00bb1px\u00a0\u00bb border_color_all=\u00a0\u00bb#F6EFE7&Prime; border_radii_image=\u00a0\u00bbon|3px|3px|3px|3px\u00a0\u00bb border_color_all_image=\u00a0\u00bbRGBA(255,255,255,0)\u00a0\u00bb box_shadow_style_image=\u00a0\u00bbpreset4&Prime; box_shadow_horizontal_image=\u00a0\u00bb6px\u00a0\u00bb box_shadow_vertical_image=\u00a0\u00bb6px\u00a0\u00bb box_shadow_color_image=\u00a0\u00bbrgba(246,239,231,0.3)\u00a0\u00bb global_colors_info=\u00a0\u00bb{}\u00a0\u00bb box_shadow_horizontal_image__hover_enabled=\u00a0\u00bbon|hover\u00a0\u00bb box_shadow_horizontal_image__hover=\u00a0\u00bb0px\u00a0\u00bb box_shadow_vertical_image__hover_enabled=\u00a0\u00bbon|hover\u00a0\u00bb box_shadow_vertical_image__hover=\u00a0\u00bb8px\u00a0\u00bb box_shadow_blur_image__hover_enabled=\u00a0\u00bbon|hover\u00a0\u00bb box_shadow_blur_image__hover=\u00a0\u00bb5px\u00a0\u00bb box_shadow_spread_image__hover_enabled=\u00a0\u00bbon|desktop\u00a0\u00bb box_shadow_spread_image__hover=\u00a0\u00bb5px\u00a0\u00bb pagination_text_color__hover_enabled=\u00a0\u00bbon|desktop\u00a0\u00bb pagination_text_color__hover=\u00a0\u00bb#FFCC00&Prime;][\/et_pb_gallery][\/et_pb_column][\/et_pb_row][\/et_pb_section]<\/p>","protected":false},"excerpt":{"rendered":"<p>GRAPHISMELogos et Illustrations\u200bProjets Illustrations, Logos, Graphisme et AnimationsMon style graphique se situe dans le n\u00e9o et retro futurisme. Mais je suis de nature curieuse donc j\u2019aime explorer et m\u00e9langer les stylesPrint et Web De la mise en page, cr\u00e9ation de flyers, menus, illustrations, du contenu graphique optimis\u00e9 et pr\u00e9t pour l&rsquo;impression.<\/p>","protected":false},"author":1,"featured_media":1610,"parent":0,"menu_order":0,"comment_status":"closed","ping_status":"closed","template":"","meta":{"_et_pb_use_builder":"on","_et_pb_old_content":"","_et_gb_content_width":"","_monsterinsights_skip_tracking":false,"_monsterinsights_sitenote_active":false,"_monsterinsights_sitenote_note":"","_monsterinsights_sitenote_category":0},"acf":[],"yoast_head":"<!-- This site is optimized with the Yoast SEO plugin v21.1 - https:\/\/yoast.com\/wordpress\/plugins\/seo\/ -->\n<title>Graphisme - Yarik-Art<\/title>\n<meta name=\"description\" content=\"Cr\u00e9ations graphiques et mises en perspective, logos, illustrations, tableaux, brochures et affiches par Yaroslav Galytskyy\" \/>\n<meta name=\"robots\" content=\"index, follow, max-snippet:-1, max-image-preview:large, max-video-preview:-1\" \/>\n<link rel=\"canonical\" href=\"https:\/\/yarik-art.com\/en\/graphisme\/\" \/>\n<meta property=\"og:locale\" content=\"en_GB\" \/>\n<meta property=\"og:type\" content=\"article\" \/>\n<meta property=\"og:title\" content=\"Graphisme - Yarik-Art\" \/>\n<meta property=\"og:description\" content=\"Cr\u00e9ations graphiques et mises en perspective, logos, illustrations, tableaux, brochures et affiches par Yaroslav Galytskyy\" \/>\n<meta property=\"og:url\" content=\"https:\/\/yarik-art.com\/en\/graphisme\/\" \/>\n<meta property=\"og:site_name\" content=\"Yarik-Art\" \/>\n<meta property=\"article:modified_time\" content=\"2024-10-19T23:18:11+00:00\" \/>\n<meta property=\"og:image\" content=\"http:\/\/yarik-art.com\/wp-content\/uploads\/2022\/10\/Taigaz-06.jpg\" \/>\n\t<meta property=\"og:image:width\" content=\"801\" \/>\n\t<meta property=\"og:image:height\" content=\"801\" \/>\n\t<meta property=\"og:image:type\" content=\"image\/jpeg\" \/>\n<meta name=\"twitter:card\" content=\"summary_large_image\" \/>\n<meta name=\"twitter:label1\" content=\"Estimated reading time\" \/>\n\t<meta name=\"twitter:data1\" content=\"2 minutes\" \/>\n<script type=\"application\/ld+json\" class=\"yoast-schema-graph\">{\"@context\":\"https:\/\/schema.org\",\"@graph\":[{\"@type\":\"WebPage\",\"@id\":\"https:\/\/yarik-art.com\/graphisme\/\",\"url\":\"https:\/\/yarik-art.com\/graphisme\/\",\"name\":\"Graphisme - Yarik-Art\",\"isPartOf\":{\"@id\":\"https:\/\/yarik-art.com\/#website\"},\"datePublished\":\"2022-05-23T11:36:06+00:00\",\"dateModified\":\"2024-10-19T23:18:11+00:00\",\"description\":\"Cr\u00e9ations graphiques et mises en perspective, logos, illustrations, tableaux, brochures et affiches par Yaroslav Galytskyy\",\"breadcrumb\":{\"@id\":\"https:\/\/yarik-art.com\/graphisme\/#breadcrumb\"},\"inLanguage\":\"en-GB\",\"potentialAction\":[{\"@type\":\"ReadAction\",\"target\":[\"https:\/\/yarik-art.com\/graphisme\/\"]}]},{\"@type\":\"BreadcrumbList\",\"@id\":\"https:\/\/yarik-art.com\/graphisme\/#breadcrumb\",\"itemListElement\":[{\"@type\":\"ListItem\",\"position\":1,\"name\":\"Home\",\"item\":\"https:\/\/yarik-art.com\/\"},{\"@type\":\"ListItem\",\"position\":2,\"name\":\"Graphisme\"}]},{\"@type\":\"WebSite\",\"@id\":\"https:\/\/yarik-art.com\/#website\",\"url\":\"https:\/\/yarik-art.com\/\",\"name\":\"Yarik-Art\",\"description\":\"Web Designer | Graphist | Content creator\",\"publisher\":{\"@id\":\"https:\/\/yarik-art.com\/#\/schema\/person\/ef2e7e372e9b37b9bc42e08c754edf92\"},\"potentialAction\":[{\"@type\":\"SearchAction\",\"target\":{\"@type\":\"EntryPoint\",\"urlTemplate\":\"https:\/\/yarik-art.com\/?s={search_term_string}\"},\"query-input\":\"required name=search_term_string\"}],\"inLanguage\":\"en-GB\"},{\"@type\":[\"Person\",\"Organization\"],\"@id\":\"https:\/\/yarik-art.com\/#\/schema\/person\/ef2e7e372e9b37b9bc42e08c754edf92\",\"name\":\"yarik.galytskyy\",\"image\":{\"@type\":\"ImageObject\",\"inLanguage\":\"en-GB\",\"@id\":\"https:\/\/yarik-art.com\/#\/schema\/person\/image\/\",\"url\":\"https:\/\/yarik-art.com\/wp-content\/uploads\/2022\/06\/cropped-yarik_art_logo-10.png\",\"contentUrl\":\"https:\/\/yarik-art.com\/wp-content\/uploads\/2022\/06\/cropped-yarik_art_logo-10.png\",\"width\":512,\"height\":512,\"caption\":\"yarik.galytskyy\"},\"logo\":{\"@id\":\"https:\/\/yarik-art.com\/#\/schema\/person\/image\/\"},\"sameAs\":[\"http:\/\/yarik-art.com\",\"https:\/\/www.linkedin.com\/in\/yaroslav-galytskyy-26bb9119\/\",\"https:\/\/www.youtube.com\/channel\/UCBJ4SZmS0wtqBeb5KHM1bmQ\",\"https:\/\/soundcloud.com\/yarik_galytskyy\"]}]}<\/script>\n<!-- \/ Yoast SEO plugin. -->","yoast_head_json":{"title":"Graphisme - Yarik-Art","description":"Cr\u00e9ations graphiques et mises en perspective, logos, illustrations, tableaux, brochures et affiches par Yaroslav Galytskyy","robots":{"index":"index","follow":"follow","max-snippet":"max-snippet:-1","max-image-preview":"max-image-preview:large","max-video-preview":"max-video-preview:-1"},"canonical":"https:\/\/yarik-art.com\/en\/graphisme\/","og_locale":"en_GB","og_type":"article","og_title":"Graphisme - Yarik-Art","og_description":"Cr\u00e9ations graphiques et mises en perspective, logos, illustrations, tableaux, brochures et affiches par Yaroslav Galytskyy","og_url":"https:\/\/yarik-art.com\/en\/graphisme\/","og_site_name":"Yarik-Art","article_modified_time":"2024-10-19T23:18:11+00:00","og_image":[{"width":801,"height":801,"url":"http:\/\/yarik-art.com\/wp-content\/uploads\/2022\/10\/Taigaz-06.jpg","type":"image\/jpeg"}],"twitter_card":"summary_large_image","twitter_misc":{"Estimated reading time":"2 minutes"},"schema":{"@context":"https:\/\/schema.org","@graph":[{"@type":"WebPage","@id":"https:\/\/yarik-art.com\/graphisme\/","url":"https:\/\/yarik-art.com\/graphisme\/","name":"Graphisme - Yarik-Art","isPartOf":{"@id":"https:\/\/yarik-art.com\/#website"},"datePublished":"2022-05-23T11:36:06+00:00","dateModified":"2024-10-19T23:18:11+00:00","description":"Cr\u00e9ations graphiques et mises en perspective, logos, illustrations, tableaux, brochures et affiches par Yaroslav Galytskyy","breadcrumb":{"@id":"https:\/\/yarik-art.com\/graphisme\/#breadcrumb"},"inLanguage":"en-GB","potentialAction":[{"@type":"ReadAction","target":["https:\/\/yarik-art.com\/graphisme\/"]}]},{"@type":"BreadcrumbList","@id":"https:\/\/yarik-art.com\/graphisme\/#breadcrumb","itemListElement":[{"@type":"ListItem","position":1,"name":"Home","item":"https:\/\/yarik-art.com\/"},{"@type":"ListItem","position":2,"name":"Graphisme"}]},{"@type":"WebSite","@id":"https:\/\/yarik-art.com\/#website","url":"https:\/\/yarik-art.com\/","name":"Yarik-Art","description":"Web Designer | Graphist | Content creator","publisher":{"@id":"https:\/\/yarik-art.com\/#\/schema\/person\/ef2e7e372e9b37b9bc42e08c754edf92"},"potentialAction":[{"@type":"SearchAction","target":{"@type":"EntryPoint","urlTemplate":"https:\/\/yarik-art.com\/?s={search_term_string}"},"query-input":"required name=search_term_string"}],"inLanguage":"en-GB"},{"@type":["Person","Organization"],"@id":"https:\/\/yarik-art.com\/#\/schema\/person\/ef2e7e372e9b37b9bc42e08c754edf92","name":"yarik.galytskyy","image":{"@type":"ImageObject","inLanguage":"en-GB","@id":"https:\/\/yarik-art.com\/#\/schema\/person\/image\/","url":"https:\/\/yarik-art.com\/wp-content\/uploads\/2022\/06\/cropped-yarik_art_logo-10.png","contentUrl":"https:\/\/yarik-art.com\/wp-content\/uploads\/2022\/06\/cropped-yarik_art_logo-10.png","width":512,"height":512,"caption":"yarik.galytskyy"},"logo":{"@id":"https:\/\/yarik-art.com\/#\/schema\/person\/image\/"},"sameAs":["http:\/\/yarik-art.com","https:\/\/www.linkedin.com\/in\/yaroslav-galytskyy-26bb9119\/","https:\/\/www.youtube.com\/channel\/UCBJ4SZmS0wtqBeb5KHM1bmQ","https:\/\/soundcloud.com\/yarik_galytskyy"]}]}},"_links":{"self":[{"href":"https:\/\/yarik-art.com\/en\/wp-json\/wp\/v2\/pages\/1286"}],"collection":[{"href":"https:\/\/yarik-art.com\/en\/wp-json\/wp\/v2\/pages"}],"about":[{"href":"https:\/\/yarik-art.com\/en\/wp-json\/wp\/v2\/types\/page"}],"author":[{"embeddable":true,"href":"https:\/\/yarik-art.com\/en\/wp-json\/wp\/v2\/users\/1"}],"replies":[{"embeddable":true,"href":"https:\/\/yarik-art.com\/en\/wp-json\/wp\/v2\/comments?post=1286"}],"version-history":[{"count":42,"href":"https:\/\/yarik-art.com\/en\/wp-json\/wp\/v2\/pages\/1286\/revisions"}],"predecessor-version":[{"id":1926,"href":"https:\/\/yarik-art.com\/en\/wp-json\/wp\/v2\/pages\/1286\/revisions\/1926"}],"wp:featuredmedia":[{"embeddable":true,"href":"https:\/\/yarik-art.com\/en\/wp-json\/wp\/v2\/media\/1610"}],"wp:attachment":[{"href":"https:\/\/yarik-art.com\/en\/wp-json\/wp\/v2\/media?parent=1286"}],"curies":[{"name":"wp","href":"https:\/\/api.w.org\/{rel}","templated":true}]}}